{"id":1050,"date":"2018-05-13T09:27:08","date_gmt":"2018-05-13T07:27:08","guid":{"rendered":"http:\/\/nordvestsjaelland.danmarksveteraner.dk\/wordpress\/?page_id=1050"},"modified":"2025-12-13T13:09:15","modified_gmt":"2025-12-13T12:09:15","slug":"veteran-cafe","status":"publish","type":"page","link":"https:\/\/nordvestsjaelland.danmarksveteraner.dk\/wordpress\/veteran-cafe\/","title":{"rendered":"VeteranCaf\u00e9 &#8211; Holb\u00e6k"},"content":{"rendered":"<h5>Vi har lokaler p\u00e5 Holb\u00e6k kaserne.<br \/>\nVores adresse er:<br \/>\nKasernevej 4<br \/>\n4300 Holb\u00e6k<\/h5>\n<h5 style=\"text-align: left;\">P\u00e5 vores Facebook side vil Caf\u00e9ens informationer m. v. kunne ses.<br \/>\nS\u00e5 for at v\u00e6re opdateret &#8211; s\u00e5 g\u00e5 ind p\u00e5:<br \/>\n<a href=\"https:\/\/www.facebook.com\/groups\/176939516184023\/\">https:\/\/www.facebook.com\/groups\/176939516184023\/<\/a><\/h5>\n<h4 style=\"text-align: left;\">P\u00e5 vores\u00a0 Caf\u00e9 aftener er alle veteraner med familie velkomne.<br \/>\nDer serveres kaffe\/the med lidt kage til og der er en enkelt fri \u00f8l\/vand . Flere \u00f8l\/vand kan k\u00f8bes.<br \/>\nIngen krav om medlemskab<br \/>\n\u00c5bent her sidste torsdag i m\u00e5nederne kl. 18:30 &#8211; 21:00<\/h4>\n<h4 style=\"text-align: left;\">(undtagen juli og december)<\/h4>\n<h3><\/h3>\n<h5>Den nye bestyrelse<\/h5>\n<p><span style=\"color: #ff0000;\"><strong>Formand: Leif Rahbek<\/strong><\/span><\/p>\n<p><span style=\"color: #ff0000;\"><strong>Kasser :\u00a0 \u00a0 \u00a0Anette Schulz Nielsen<\/strong><\/span><\/p>\n<p><span style=\"color: #ff0000;\"><strong>N\u00e6stformand: Brian Strandbygaard<\/strong><\/span><\/p>\n<p><span style=\"color: #ff0000;\"><strong>Sekret\u00e6r: Carsten Schulz Nielsen<\/strong><\/span><\/p>\n<p><span style=\"color: #ff0000;\"><strong>Best. Medlem : Henrik Jensen<\/strong><\/span><\/p>\n<p><span style=\"color: #ff0000;\"><strong>Mail Adresse : veterancafe4300@danmarksveteraner.dk<\/strong><\/span><\/p>\n<p>opdateret 31-10 2024<\/p>\n<h5><span style=\"color: #008080;\">Det vil v\u00e6re en fordel, s\u00e5fremt vi er 2 tilstede respektive\u00a0 aftener.<\/span><br \/>\n<span style=\"color: #008080;\">Medlemmer som vil give et nap med og stille sig til r\u00e5dighed en enkelt aften eller flere bedes rette henvendelse til formanden Leif p\u00e5 telefon: 40204749<\/span><\/h5>\n<h5 style=\"text-align: center;\"><span style=\"color: #0000ff;\">VI SES I CAF\u00c8EN<\/span><\/h5>\n<h3><\/h3>\n","protected":false},"excerpt":{"rendered":"<p>Vi har lokaler p\u00e5 Holb\u00e6k kaserne. Vores adresse er: Kasernevej 4 4300 Holb\u00e6k P\u00e5 vores Facebook side vil Caf\u00e9ens informationer<\/p>\n","protected":false},"author":1,"featured_media":0,"parent":0,"menu_order":8,"comment_status":"closed","ping_status":"closed","template":"","meta":{"footnotes":""},"_links":{"self":[{"href":"https:\/\/nordvestsjaelland.danmarksveteraner.dk\/wordpress\/wp-json\/wp\/v2\/pages\/1050"}],"collection":[{"href":"https:\/\/nordvestsjaelland.danmarksveteraner.dk\/wordpress\/wp-json\/wp\/v2\/pages"}],"about":[{"href":"https:\/\/nordvestsjaelland.danmarksveteraner.dk\/wordpress\/wp-json\/wp\/v2\/types\/page"}],"author":[{"embeddable":true,"href":"https:\/\/nordvestsjaelland.danmarksveteraner.dk\/wordpress\/wp-json\/wp\/v2\/users\/1"}],"replies":[{"embeddable":true,"href":"https:\/\/nordvestsjaelland.danmarksveteraner.dk\/wordpress\/wp-json\/wp\/v2\/comments?post=1050"}],"version-history":[{"count":82,"href":"https:\/\/nordvestsjaelland.danmarksveteraner.dk\/wordpress\/wp-json\/wp\/v2\/pages\/1050\/revisions"}],"predecessor-version":[{"id":2793,"href":"https:\/\/nordvestsjaelland.danmarksveteraner.dk\/wordpress\/wp-json\/wp\/v2\/pages\/1050\/revisions\/2793"}],"wp:attachment":[{"href":"https:\/\/nordvestsjaelland.danmarksveteraner.dk\/wordpress\/wp-json\/wp\/v2\/media?parent=1050"}],"curies":[{"name":"wp","href":"https:\/\/api.w.org\/{rel}","templated":true}]}}