{"id":1812,"date":"2019-09-17T07:54:56","date_gmt":"2019-09-17T05:54:56","guid":{"rendered":"https:\/\/nordvestsjaelland.danmarksveteraner.dk\/wordpress\/?page_id=1812"},"modified":"2023-03-27T17:29:23","modified_gmt":"2023-03-27T15:29:23","slug":"instruks-ophold","status":"publish","type":"page","link":"https:\/\/nordvestsjaelland.danmarksveteraner.dk\/wordpress\/veteranengen\/instruks-ophold\/","title":{"rendered":"Instruks ophold"},"content":{"rendered":"\n<p>Instruks for l\u00e5n af og\nophold i \u201dVeteranengen\u201d <\/p>\n\n\n\n<p>KALDRED&nbsp;&nbsp;&nbsp;&nbsp;&nbsp;&nbsp;&nbsp;&nbsp;&nbsp;&nbsp;&nbsp;&nbsp;&nbsp;&nbsp;&nbsp;&nbsp;&nbsp;&nbsp;&nbsp;&nbsp;&nbsp;&nbsp;&nbsp;&nbsp;&nbsp;&nbsp;&nbsp;&nbsp;&nbsp;&nbsp;&nbsp;&nbsp;&nbsp;&nbsp;&nbsp;&nbsp;&nbsp;&nbsp;&nbsp;&nbsp;&nbsp;&nbsp;&nbsp;&nbsp;&nbsp;&nbsp;&nbsp;&nbsp;&nbsp;&nbsp;&nbsp;&nbsp;&nbsp;&nbsp;&nbsp;&nbsp;&nbsp;&nbsp;&nbsp;&nbsp;&nbsp;&nbsp;&nbsp;&nbsp;&nbsp;&nbsp;&nbsp;&nbsp;&nbsp;&nbsp;&nbsp;&nbsp;&nbsp;&nbsp;&nbsp;&nbsp;&nbsp;&nbsp;&nbsp;&nbsp;&nbsp;&nbsp;&nbsp;&nbsp;&nbsp;&nbsp;&nbsp;&nbsp;&nbsp;&nbsp;&nbsp;&nbsp;&nbsp;&nbsp;&nbsp;&nbsp;&nbsp;&nbsp;&nbsp;&nbsp;&nbsp;&nbsp;&nbsp;&nbsp;&nbsp;&nbsp;&nbsp;&nbsp;&nbsp;&nbsp;&nbsp;&nbsp;&nbsp;&nbsp;&nbsp;&nbsp;&nbsp;&nbsp;&nbsp;&nbsp;&nbsp;&nbsp;&nbsp;&nbsp;&nbsp;&nbsp;&nbsp;&nbsp;&nbsp;&nbsp;&nbsp;&nbsp;&nbsp;&nbsp;Marts 2023<\/p>\n\n\n\n<p>Instruksen\nindeholder alt fra anmodning om l\u00e5n af \u201dVeteranengen\u201d \u2013 ankomsten \u2013 opholdet (herunder\ns\u00e6rlige krav j\u00e6vnf\u00f8r den meddelte Landzonetilladelse) \u2013 brandsikkerhed \u2013 oprydning\nog afrejse samt ophold p\u00e5 resten af parcellen p\u00e5 Spangvej 8.<\/p>\n\n\n\n<ol>\n<li>L\u00e5n af \u201dVeteranengen\u201d \u2013 kontaktpersoner<\/li>\n<\/ol>\n\n\n\n<p>For grupper\/personer med tilknytning til \u201dDanmarks Veteraner\u201d aftales l\u00e5net med bestyrelsesmedlem: Sten Schradieck Liljens\u00f8e, Irisvej 9, Kaldred, 4593 Eskebjerg<br> Telefon: 4050 8518<\/p>\n\n\n\n<p>Mail: stenliljensoe@hotmail.com<\/p>\n\n\n\n<p><\/p>\n\n\n\n<p><strong>Adressen er Spangvej 8, Kaldred, 4593 Eskebjerg<\/strong><\/p>\n\n\n\n<p><\/p>\n\n\n\n<p><\/p>\n\n\n\n<p>Mail: <\/p>\n\n\n\n<ul>\n<li>Ankomst, parkering ved shelterne p\u00e5 det gr\u00f8nne omr\u00e5de <\/li>\n<\/ul>\n\n\n\n<p>Der m\u00e5 k\u00f8res \u201dbagom\u201d til omr\u00e5det og l\u00e6sses af.<\/p>\n\n\n\n<p><\/p>\n\n\n\n<p>Landzonekrav: <\/p>\n\n\n\n<p>Herefter skal bilerne parkeres p\u00e5 anvist parkeringsplads ved shelterne<\/p>\n\n\n\n<p>Der udleveres et eksemplar af denne instruks \u2013\nsom afleveres ved afrejse. <\/p>\n\n\n\n<ul>\n<li>Kontrol\naf omr\u00e5det ved ankomst<\/li>\n<\/ul>\n\n\n\n<p>Ved ankomst til \u201dVeteranengen\u201d kontrolleres\nomr\u00e5dets ryddelighed \u2013 samt at de tre branddaskere er tilstede og at de er\noph\u00e6ngt p\u00e5 bagsiden af shelterne. <\/p>\n\n\n\n<p><strong>Der skal selv  medbringes br\u00e6nde til anvendelse p\u00e5 b\u00e5lplads og grill.<\/strong><\/p>\n\n\n\n<ul>\n<li>Opholdet\ni \u201dVeteranengen\u201d<\/li>\n\n\n\n<li>Vand<\/li>\n<\/ul>\n\n\n\n<p>Landzonekrav: <\/p>\n\n\n\n<ul>\n<li>Vand\ntil brug under opholdet skal medbringes i\ndertil egnede dunke m. v. Optankning m\u00e5 ikke ske fra omkringliggende ejendomme\nmed egen vandforsyning (Spangvej 3, 8 og 12)<\/li>\n\n\n\n<li>Eventuelt\nbrugte vanddunke og affald medtages ved afrejse af l\u00e5nerne.<\/li>\n\n\n\n<li>Muldtoilet<\/li>\n\n\n\n<li>Der\nmedbringes \u201dlet nedbrydeligt\u201d toiletpapir af brugerne.<\/li>\n\n\n\n<li>Brandsikkerhed<\/li>\n<\/ul>\n\n\n\n<p>Landzonekrav:<\/p>\n\n\n\n<p>Der skal v\u00e6re en\nbranddasker ved hvert shelter. Den er opsat p\u00e5 bagsiden. <\/p>\n\n\n\n<p>Ved brand sluk \u00f8jeblikkeligt med branddaskerne\nsamt eventuel vand fra den opstillede vandbeholder p\u00e5 stedet.<\/p>\n\n\n\n<p>Ved brandudvikling tilkald hj\u00e6lp via den\nmedbragte mobiltelefon.<\/p>\n\n\n\n<ul>\n<li>B\u00e5lplads\nog grill<\/li>\n<\/ul>\n\n\n\n<p>B\u00e5lplads og grill anvendes med forsigtighed s\u00e6rligt i t\u00f8rre perioder.&nbsp; <\/p>\n\n\n\n<ul>\n<li>Opholdet<\/li>\n<\/ul>\n\n\n\n<p>Der udvises\nalmindelig adf\u00e6rd og respekt for omr\u00e5dets bevarelse som et rekreativt fristed.<\/p>\n\n\n\n<p>F\u00e6rdsels p\u00e5\ntagene m\u00e5 ikke foreg\u00e5 uden s\u00e6rlig grund. <\/p>\n\n\n\n<p>Ved eventuel skade p\u00e5 shelter, muldtoilet eller andre effekter i omr\u00e5det meldes dette til Danmarks veteraner Nordvestsj\u00e6lland<\/p>\n\n\n\n<p>Landzonekrav:<\/p>\n\n\n\n<ul>\n<li>Al\naktivitet skal holdes inden for matr. Nr. 8a og\n9, Torpe By, Bregninge, beliggende p\u00e5 Spangvej 8 i Kaldred.<\/li>\n\n\n\n<li>Brugerene\nm\u00e5 som udgangspunkt ikke forstyrre\/henvende sig\ntil de n\u00e6rmeste nabobeboelser af respekt for privatlivets fred.<\/li>\n\n\n\n<li>Der\nm\u00e5 ikke i tidsrummet fra kl. 2000 til kl. 0800 foreg\u00e5\nst\u00f8jende aktiviteter, som kan v\u00e6re til gene for naboerne. <\/li>\n\n\n\n<li>Afrejse\n\u2013 kontrol af omr\u00e5det.<\/li>\n<\/ul>\n\n\n\n<p>Ved afrejse\nryddes op og omr\u00e5det forlades i samme stand som ved ankomst. <\/p>\n\n\n\n<p><\/p>\n\n\n\n<ul>\n<li>Anvendelse\naf og ophold i terr\u00e6net udenfor \u201dVeteranengen\u201d.<\/li>\n<\/ul>\n\n\n\n<p>Efter aftale med lodsejeren kan l\u00e5nerne opholde sig\/g\u00e5 tur\np\u00e5 arealet tilh\u00f8rende Spangvej 8. <\/p>\n\n\n\n<p>Ophold uden for dette areal kr\u00e6ver en kontakt til\/aftale\nmed ber\u00f8rte lodsejere. <\/p>\n\n\n\n<p>F\u00e6rdsel p\u00e5 offentlig tilg\u00e6ngelige veje m. v. skal ske med\nforn\u00f8den respekt for omr\u00e5dets s\u00e6rlige natur og karakter.<\/p>\n\n\n\n<p>Vi h\u00e5ber,\nat I har haft et godt ophold i \u201dVeteranengen\u201d og siger:<\/p>\n\n\n\n<p>Tak for\nbes\u00f8get og kom godt hjem.<\/p>\n\n\n\n<p>   &nbsp; &nbsp;&nbsp; <strong>\u201dDANMARKS VETERANER\u201d <\/strong>&nbsp;<strong>&nbsp;Nordvestsj\u00e6lland&nbsp;&nbsp;&nbsp;<\/strong>&nbsp;&nbsp;&nbsp;&nbsp;   &nbsp;&nbsp;&nbsp;&nbsp;&nbsp;&nbsp;&nbsp;&nbsp;&nbsp;&nbsp;&nbsp;&nbsp;&nbsp;&nbsp;&nbsp;<\/p>\n","protected":false},"excerpt":{"rendered":"<p>Instruks for l\u00e5n af og ophold i \u201dVeteranengen\u201d KALDRED&nbsp;&nbsp;&nbsp;&nbsp;&nbsp;&nbsp;&nbsp;&nbsp;&nbsp;&nbsp;&nbsp;&nbsp;&nbsp;&nbsp;&nbsp;&nbsp;&nbsp;&nbsp;&nbsp;&nbsp;&nbsp;&nbsp;&nbsp;&nbsp;&nbsp;&nbsp;&nbsp;&nbsp;&nbsp;&nbsp;&nbsp;&nbsp;&nbsp;&nbsp;&nbsp;&nbsp;&nbsp;&nbsp;&nbsp;&nbsp;&nbsp;&nbsp;&nbsp;&nbsp;&nbsp;&nbsp;&nbsp;&nbsp;&nbsp;&nbsp;&nbsp;&nbsp;&nbsp;&nbsp;&nbsp;&nbsp;&nbsp;&nbsp;&nbsp;&nbsp;&nbsp;&nbsp;&nbsp;&nbsp;&nbsp;&nbsp;&nbsp;&nbsp;&nbsp;&nbsp;&nbsp;&nbsp;&nbsp;&nbsp;&nbsp;&nbsp;&nbsp;&nbsp;&nbsp;&nbsp;&nbsp;&nbsp;&nbsp;&nbsp;&nbsp;&nbsp;&nbsp;&nbsp;&nbsp;&nbsp;&nbsp;&nbsp;&nbsp;&nbsp;&nbsp;&nbsp;&nbsp;&nbsp;&nbsp;&nbsp;&nbsp;&nbsp;&nbsp;&nbsp;&nbsp;&nbsp;&nbsp;&nbsp;&nbsp;&nbsp;&nbsp;&nbsp;&nbsp;&nbsp;&nbsp;&nbsp;&nbsp;&nbsp;&nbsp;&nbsp;&nbsp;&nbsp;&nbsp;&nbsp;&nbsp;&nbsp;&nbsp;&nbsp;&nbsp;&nbsp;&nbsp;&nbsp;&nbsp;&nbsp;Marts 2023 Instruksen indeholder alt fra anmodning om l\u00e5n af \u201dVeteranengen\u201d \u2013<\/p>\n","protected":false},"author":1,"featured_media":0,"parent":1771,"menu_order":3,"comment_status":"closed","ping_status":"closed","template":"","meta":{"footnotes":""},"_links":{"self":[{"href":"https:\/\/nordvestsjaelland.danmarksveteraner.dk\/wordpress\/wp-json\/wp\/v2\/pages\/1812"}],"collection":[{"href":"https:\/\/nordvestsjaelland.danmarksveteraner.dk\/wordpress\/wp-json\/wp\/v2\/pages"}],"about":[{"href":"https:\/\/nordvestsjaelland.danmarksveteraner.dk\/wordpress\/wp-json\/wp\/v2\/types\/page"}],"author":[{"embeddable":true,"href":"https:\/\/nordvestsjaelland.danmarksveteraner.dk\/wordpress\/wp-json\/wp\/v2\/users\/1"}],"replies":[{"embeddable":true,"href":"https:\/\/nordvestsjaelland.danmarksveteraner.dk\/wordpress\/wp-json\/wp\/v2\/comments?post=1812"}],"version-history":[{"count":9,"href":"https:\/\/nordvestsjaelland.danmarksveteraner.dk\/wordpress\/wp-json\/wp\/v2\/pages\/1812\/revisions"}],"predecessor-version":[{"id":2563,"href":"https:\/\/nordvestsjaelland.danmarksveteraner.dk\/wordpress\/wp-json\/wp\/v2\/pages\/1812\/revisions\/2563"}],"up":[{"embeddable":true,"href":"https:\/\/nordvestsjaelland.danmarksveteraner.dk\/wordpress\/wp-json\/wp\/v2\/pages\/1771"}],"wp:attachment":[{"href":"https:\/\/nordvestsjaelland.danmarksveteraner.dk\/wordpress\/wp-json\/wp\/v2\/media?parent=1812"}],"curies":[{"name":"wp","href":"https:\/\/api.w.org\/{rel}","templated":true}]}}