{"id":22,"date":"2016-02-25T21:57:32","date_gmt":"2016-02-25T21:57:32","guid":{"rendered":"http:\/\/nordvestsjaelland.danmarksveteraner.dk\/wordpress\/?page_id=22"},"modified":"2024-11-02T17:02:48","modified_gmt":"2024-11-02T16:02:48","slug":"forside","status":"publish","type":"page","link":"https:\/\/nordvestsjaelland.danmarksveteraner.dk\/wordpress\/","title":{"rendered":"Forside"},"content":{"rendered":"\n<p class=\"has-text-align-center\"><\/p>\n\n\n<\/p>\n<p><span style=\"color: #ff0000;\"><span style=\"color: #000000;\">Veterancaf\u00e9:<\/span><br \/><span style=\"color: #000000;\">Veterancaf\u00e9 gennemf\u00f8res j\u00e6vnf\u00f8r hjemmesiden, hvor de alle er opf\u00f8rt som en aktivitet. Aflysning af caf\u00e9 aftener sker via vores Facebook side af formanden Leif.<\/span><\/span><\/p>\n<h4 style=\"text-align: center;\"><a href=\"http:\/\/nordvestsjaelland.danmarksveteraner.dk\/wordpress\/wp-content\/uploads\/2017\/12\/32.jpg\"><img decoding=\"async\" loading=\"lazy\" class=\"aligncenter size-full wp-image-942\" src=\"http:\/\/nordvestsjaelland.danmarksveteraner.dk\/wordpress\/wp-content\/uploads\/2017\/12\/32.jpg\" alt=\"\" width=\"2400\" height=\"1600\" srcset=\"https:\/\/nordvestsjaelland.danmarksveteraner.dk\/wordpress\/wp-content\/uploads\/2017\/12\/32.jpg 2400w, https:\/\/nordvestsjaelland.danmarksveteraner.dk\/wordpress\/wp-content\/uploads\/2017\/12\/32-300x200.jpg 300w, https:\/\/nordvestsjaelland.danmarksveteraner.dk\/wordpress\/wp-content\/uploads\/2017\/12\/32-768x512.jpg 768w, https:\/\/nordvestsjaelland.danmarksveteraner.dk\/wordpress\/wp-content\/uploads\/2017\/12\/32-1024x683.jpg 1024w, https:\/\/nordvestsjaelland.danmarksveteraner.dk\/wordpress\/wp-content\/uploads\/2017\/12\/32-200x133.jpg 200w, https:\/\/nordvestsjaelland.danmarksveteraner.dk\/wordpress\/wp-content\/uploads\/2017\/12\/32-400x267.jpg 400w, https:\/\/nordvestsjaelland.danmarksveteraner.dk\/wordpress\/wp-content\/uploads\/2017\/12\/32-600x400.jpg 600w, https:\/\/nordvestsjaelland.danmarksveteraner.dk\/wordpress\/wp-content\/uploads\/2017\/12\/32-800x533.jpg 800w, https:\/\/nordvestsjaelland.danmarksveteraner.dk\/wordpress\/wp-content\/uploads\/2017\/12\/32-1200x800.jpg 1200w\" sizes=\"(max-width: 2400px) 100vw, 2400px\" \/><\/a>Medaljeparade Kongs\u00f8re<\/h4>\n<h4 style=\"text-align: center;\"><img decoding=\"async\" src=\"http:\/\/nordvestsjaelland.danmarksveteraner.dk\/wordpress\/wp-content\/uploads\/2016\/07\/DBB-Navngivning-Veteranengen-af-shelderne-6-6-15-032.jpg\" alt=\"Borgmester Martin Damm indvier \" \/> \u00a0 \u00a0\u00a0 Indvielse af veteranengen ved borgmester\u00a0Martin Damm<\/h4>\n<h4><img decoding=\"async\" src=\"http:\/\/nordvestsjaelland.danmarksveteraner.dk\/wordpress\/wp-content\/uploads\/2016\/02\/Indvielse-af-Fanen-037.jpg\" alt=\"\" \/><\/h4>\n<h4 style=\"text-align: center;\">Faneindvielse<\/h4>\n<h4><img decoding=\"async\" src=\"http:\/\/nordvestsjaelland.danmarksveteraner.dk\/wordpress\/wp-content\/uploads\/2016\/07\/DBB-Navngivning-Veteranengen-af-shelderne-6-6-15-029.jpg\" alt=\"\" \/><\/h4>\n<h4 style=\"text-align: center;\">Navngivning: &#8220;Veteranengen&#8221;<\/h4>\n<h4><img decoding=\"async\" src=\"http:\/\/nordvestsjaelland.danmarksveteraner.dk\/wordpress\/wp-content\/uploads\/2016\/02\/DSC01937.jpg\" alt=\"\" \/><\/h4>\n<h4 style=\"text-align: center;\">&#8220;Veteranengen&#8221;<\/h4>\n\n\n<p><\/p>\n","protected":false},"excerpt":{"rendered":"<p>Veterancaf\u00e9:Veterancaf\u00e9 gennemf\u00f8res j\u00e6vnf\u00f8r hjemmesiden, hvor de alle er opf\u00f8rt som en aktivitet. Aflysning af caf\u00e9 aftener sker via vores Facebook<\/p>\n","protected":false},"author":1,"featured_media":899,"parent":0,"menu_order":1,"comment_status":"closed","ping_status":"closed","template":"","meta":{"footnotes":""},"_links":{"self":[{"href":"https:\/\/nordvestsjaelland.danmarksveteraner.dk\/wordpress\/wp-json\/wp\/v2\/pages\/22"}],"collection":[{"href":"https:\/\/nordvestsjaelland.danmarksveteraner.dk\/wordpress\/wp-json\/wp\/v2\/pages"}],"about":[{"href":"https:\/\/nordvestsjaelland.danmarksveteraner.dk\/wordpress\/wp-json\/wp\/v2\/types\/page"}],"author":[{"embeddable":true,"href":"https:\/\/nordvestsjaelland.danmarksveteraner.dk\/wordpress\/wp-json\/wp\/v2\/users\/1"}],"replies":[{"embeddable":true,"href":"https:\/\/nordvestsjaelland.danmarksveteraner.dk\/wordpress\/wp-json\/wp\/v2\/comments?post=22"}],"version-history":[{"count":652,"href":"https:\/\/nordvestsjaelland.danmarksveteraner.dk\/wordpress\/wp-json\/wp\/v2\/pages\/22\/revisions"}],"predecessor-version":[{"id":2712,"href":"https:\/\/nordvestsjaelland.danmarksveteraner.dk\/wordpress\/wp-json\/wp\/v2\/pages\/22\/revisions\/2712"}],"wp:featuredmedia":[{"embeddable":true,"href":"https:\/\/nordvestsjaelland.danmarksveteraner.dk\/wordpress\/wp-json\/wp\/v2\/media\/899"}],"wp:attachment":[{"href":"https:\/\/nordvestsjaelland.danmarksveteraner.dk\/wordpress\/wp-json\/wp\/v2\/media?parent=22"}],"curies":[{"name":"wp","href":"https:\/\/api.w.org\/{rel}","templated":true}]}}