{"id":250,"date":"2016-07-03T10:14:58","date_gmt":"2016-07-03T08:14:58","guid":{"rendered":"http:\/\/nordvestsjaelland.danmarksveteraner.dk\/wordpress\/?page_id=250"},"modified":"2021-10-20T22:15:49","modified_gmt":"2021-10-20T20:15:49","slug":"organisation","status":"publish","type":"page","link":"https:\/\/nordvestsjaelland.danmarksveteraner.dk\/wordpress\/organisation\/","title":{"rendered":"Organisation"},"content":{"rendered":"<h6>Fanekommandoets sammens\u00e6tning:<\/h6>\n\n<table id=\"tablepress-10\" class=\"tablepress tablepress-id-10\">\n<tbody class=\"row-hover\">\n<tr class=\"row-1 odd\">\n\t<td class=\"column-1\">Sortering<\/td><td class=\"column-2\">Funktion<\/td><td class=\"column-3\">Navn<\/td><td class=\"column-4\">Telefon<\/td>\n<\/tr>\n<\/tbody>\n<\/table>\n<!-- #tablepress-10 from cache -->\n<p><strong>Sp\u00f8rgsm\u00e5l vedr\u00f8rende opstilling m. v. af fanevagt rettes til faneb\u00e6rer 1.<\/strong><\/p>\n<p>Flagkalender:\u00a0<a href=\"http:\/\/nordvestsjaelland.danmarksveteraner.dk\/wordpress\/wp-content\/uploads\/2018\/04\/Flagkalender-2018.docx\">http:\/\/nordvestsjaelland.danmarksveteraner.dk\/wordpress\/wp-content\/uploads\/2018\/04\/Flagkalender-2018.docx<\/a><\/p>\n<h6>SKYDEKLUB<\/h6>\n<p>Lokalforeningen har oprettet en Skydeklub.<br \/>\nKlubleder: S\u00f8ren Juel<\/p>\n<p>Inden deltagelse i skydningerne, som foreg\u00e5r i regi af Tuse\u00a0 Skytteforening skal skytterne ans\u00f8ge om individuel godkendelse som skytte via skytteforeningen. Godkendelsen gennemf\u00f8res af politiet (vandelsgodkendelse) som meddeler godkendelsen via skyttens E-boks.<\/p>\n<p>Skytterne skal fremover v\u00e6re medlemmer af klubben ( 600,00 kr. \u00e5rligt ). De tidligere bidrag pr. gang p\u00e5 kr. 30 bortfalder. Skytterne skal fortsat selv k\u00f8be patroner. Lokalforeningen betaler for 2 \u00e6sker patroner \u00e5rligt svarende til kr. 100.<\/p>\n<p>Klubben vandt landsmesterskabet i 2015, 2016 og 2017. Vinderen\u00a0 modtager den \u00e5rligt vandrende pokal som bliver udleveret til formanden p\u00e5 repr\u00e6sentantskabsm\u00f8det i april m\u00e5ned.<br \/>\nUdover pokal udleveres individuelle pr\u00e6mier til skytterne p\u00e5 holdet.<br \/>\nVi gennemf\u00f8rer normalt 3 skydninger i for\u00e5ret og 5 skydninger i efter\u00e5ret alle p\u00e5 Tuse Skytteforenings baner ved Tuse Hallen.<br \/>\nSkydningerne gennemf\u00f8res fra klokken 1830 og vi er normalt f\u00e6rdige inden klokken 2100.<br \/>\nEfter hver skydning evaluerer vi aftenens resultat over en kop kaffe og hertil lidt kage med af en af skytterne.<\/p>\n<h3><span style=\"color: #000025;\">Danmarks Veteraners bestemmelser for indend\u00f8rs 15 meter skydning<\/span><\/h3>\n<p>1. Der skydes p\u00e5 15 meter indend\u00f8rs bane i lokalforeningsomr\u00e5det.<br \/>\n2. Der skydes p\u00e5 hold \u00e1 5 personer. Der kan deltage flere hold fra samme forening.<br \/>\n3. Der skydes p\u00e5 6 ringdelt skydeskive med 1 skydefelt p\u00e5 hver side, eller elektronisk skive<br \/>\n4. Der skydes med Cal. 22 riffel.<br \/>\n5. Der skydes 2 skud i hver skydefelt 2\u00d72 skud i hver skive. I alt 20 g\u00e6ldende skud.<br \/>\n6. Alle medlemmer af foreningen og familien kan deltage, b\u00f8rn dog min. 14 \u00e5r.<br \/>\n7. Lokalforeningen sammens\u00e6tter selv holdene (m\u00e6nd-kvinde-b\u00f8rn)<br \/>\n8. Skydningen er med anl\u00e6g (arml\u00e6n og st\u00f8tte). Dermed undg\u00e5r vi snyd.<br \/>\n9. Der skydes et antal pr\u00f8veskud. (Hvor mange bestemmer i selv).<br \/>\n10. Der skydes p\u00e5 de tilsendte skiver, elektronisk markering er tilladt. Alle skiver \u2013 ogs\u00e5 de elektronisk markerede \u2013 samt skydekort skal returneres til skydeleder snarest efter skydningen. Elektronisk markerede skiver skal v\u00e6re p\u00e5f\u00f8rt samme nr. som der st\u00e5r p\u00e5 skydekortet.<br \/>\n11. Skydekortet skal v\u00e6re udfyldt med navn, tjenestested og hold. m.m. se kortet.<br \/>\n12. Pr\u00e6mier:<br \/>\na. Der tildeles en pr\u00e6mie til den bedste skytte i konkurrencen.<br \/>\nb. Der tildeles en pr\u00e6mie Bedste skytte p\u00e5 hvert hold.<br \/>\nc. Der tildeles en pr\u00e6mie samt en vandrepokal til den lokalforening, der stiller med bedste hold.<br \/>\n13. Pr\u00e6mierne skal graveres med f\u00f8lgende indskrift<br \/>\na. Bedste skytte: \u201dDe Bl\u00e5 Baretter, Bedste skytte + \u00e5rstal.<br \/>\nb. Bedste skytte p\u00e5 hvert hold: \u201dDe Bl\u00e5 Baretter, + \u00e5rstal.<br \/>\nc. Bedste hold graveres \u201dDe Bl\u00e5 Baretter, Bedste hold + \u00e5rstal.<br \/>\n14. Ny vandrepokal graveres med samme ordlyd som den gamle.<br \/>\n15. Skydningen skal v\u00e6re afsluttet d. 31. december.<\/p>\n<p>Landsforeningens ansvarlige p\u00e5 skydeomr\u00e5det:<br \/>\nHenning \u00d8stergaard Nielsen<br \/>\nBj\u00f8rnev\u00e6nget 20<br \/>\n4760 Vordingborg<br \/>\nTlf. 55 37 67 64 \/ 40 29 25 92<br \/>\nE-mail: H.oe.nielsen@gmail.com[\/fusion_tab][fusion_tab<\/p>\n<p>[\/fusion_tab][fusion_tab title=&#8221;VEDT\u00c6GTER&#8221; icon=&#8221;fa-file-o&#8221;]<\/p>\n<p><a href=\"http:\/\/nordvestsjaelland.danmarksveteraner.dk\/wordpress\/wp-content\/uploads\/2016\/07\/2013-Vedt\u00e6gter-24-OKT.doc\">2013 Vedt\u00e6gter 24 OKT<\/a><\/p>\n<p><a href=\"http:\/\/nordvestsjaelland.danmarksveteraner.dk\/wordpress\/wp-content\/uploads\/2016\/07\/2014-Vedt\u00e6gter-20-FEB.doc\">2014 Vedt\u00e6gter 20 FEB<\/a><\/p>\n<p><a href=\"http:\/\/nordvestsjaelland.danmarksveteraner.dk\/wordpress\/wp-content\/uploads\/2016\/07\/2015-Vedt\u00e6gter-10-FEB.doc\">2015 Vedt\u00e6gter 10 FEB<\/a><\/p>\n<p><a href=\"http:\/\/nordvestsjaelland.danmarksveteraner.dk\/wordpress\/wp-content\/uploads\/2016\/07\/20216-Vedt\u00e6gter-12-MAJ.doc\">20216 Vedt\u00e6gter 12 MAJ<\/a><\/p>\n<p><a href=\"http:\/\/nordvestsjaelland.danmarksveteraner.dk\/wordpress\/wp-content\/uploads\/2017\/02\/2017-Vedt\u00e6gter-06-FEB-1.docx\">2017 Vedt\u00e6gter 06 FEB<\/a><\/p>\n<p><a href=\"http:\/\/nordvestsjaelland.danmarksveteraner.dk\/wordpress\/wp-content\/uploads\/2017\/08\/2017-Vedt\u00e6gter-12-AUG.doc\">2017 Vedt\u00e6gter 12 AUG<\/a><\/p>\n<p><a href=\"http:\/\/nordvestsjaelland.danmarksveteraner.dk\/wordpress\/wp-content\/uploads\/2018\/02\/2018-Vedt\u00e6gter-05-FEB.doc\">2018 Vedt\u00e6gter 05 FEB<\/a>[\/fusion_tab][\/fusion_tabs][\/fullwidth]<\/p>\n","protected":false},"excerpt":{"rendered":"<p>Fanekommandoets sammens\u00e6tning: Sp\u00f8rgsm\u00e5l vedr\u00f8rende opstilling m. v. af fanevagt rettes til faneb\u00e6rer 1. Flagkalender:\u00a0http:\/\/nordvestsjaelland.danmarksveteraner.dk\/wordpress\/wp-content\/uploads\/2018\/04\/Flagkalender-2018.docx SKYDEKLUB Lokalforeningen har oprettet en Skydeklub.<\/p>\n","protected":false},"author":1,"featured_media":0,"parent":0,"menu_order":2,"comment_status":"closed","ping_status":"closed","template":"","meta":{"footnotes":""},"_links":{"self":[{"href":"https:\/\/nordvestsjaelland.danmarksveteraner.dk\/wordpress\/wp-json\/wp\/v2\/pages\/250"}],"collection":[{"href":"https:\/\/nordvestsjaelland.danmarksveteraner.dk\/wordpress\/wp-json\/wp\/v2\/pages"}],"about":[{"href":"https:\/\/nordvestsjaelland.danmarksveteraner.dk\/wordpress\/wp-json\/wp\/v2\/types\/page"}],"author":[{"embeddable":true,"href":"https:\/\/nordvestsjaelland.danmarksveteraner.dk\/wordpress\/wp-json\/wp\/v2\/users\/1"}],"replies":[{"embeddable":true,"href":"https:\/\/nordvestsjaelland.danmarksveteraner.dk\/wordpress\/wp-json\/wp\/v2\/comments?post=250"}],"version-history":[{"count":40,"href":"https:\/\/nordvestsjaelland.danmarksveteraner.dk\/wordpress\/wp-json\/wp\/v2\/pages\/250\/revisions"}],"predecessor-version":[{"id":2367,"href":"https:\/\/nordvestsjaelland.danmarksveteraner.dk\/wordpress\/wp-json\/wp\/v2\/pages\/250\/revisions\/2367"}],"wp:attachment":[{"href":"https:\/\/nordvestsjaelland.danmarksveteraner.dk\/wordpress\/wp-json\/wp\/v2\/media?parent=250"}],"curies":[{"name":"wp","href":"https:\/\/api.w.org\/{rel}","templated":true}]}}