{"id":276,"date":"2016-07-04T07:34:11","date_gmt":"2016-07-04T05:34:11","guid":{"rendered":"http:\/\/nordvestsjaelland.danmarksveteraner.dk\/wordpress\/?page_id=276"},"modified":"2020-12-15T08:51:48","modified_gmt":"2020-12-15T07:51:48","slug":"vedtaegter","status":"publish","type":"page","link":"https:\/\/nordvestsjaelland.danmarksveteraner.dk\/wordpress\/forside\/vedtaegter\/","title":{"rendered":"Vedt\u00e6gter"},"content":{"rendered":"\n<p>Vedt\u00e6gter vedtaget 5. februar 2018. Du kan skifte side nederst med pilene. Kan downloades og printes nederst p\u00e5 siden.<\/p>\n\n\n<a href=\"https:\/\/nordvestsjaelland.danmarksveteraner.dk\/wordpress\/wp-content\/uploads\/2020\/12\/2018-Vedtaegter-05-FEB.pdf\" class=\"pdfemb-viewer\" style=\"\" data-width=\"max\" data-height=\"max\" data-toolbar=\"bottom\" data-toolbar-fixed=\"off\">2018-Vedtaegter-05-FEB<\/a>\n<p class=\"wp-block-pdfemb-pdf-embedder-viewer\"><\/p>\n\n\n<p>Tryk p\u00e5 nedenn\u00e6vnte link for at se de vedtagne vedt\u00e6gter fra respektive generalforsamlinger:<\/p>\n<p><a href=\"http:\/\/nordvestsjaelland.danmarksveteraner.dk\/wordpress\/wp-content\/uploads\/2016\/07\/2013-Vedt\u00e6gter-24-OKT.doc\">2013 Vedt\u00e6gter 24 OKT<\/a><\/p>\n<p><a href=\"http:\/\/nordvestsjaelland.danmarksveteraner.dk\/wordpress\/wp-content\/uploads\/2016\/07\/2014-Vedt\u00e6gter-20-FEB.doc\">2014 Vedt\u00e6gter 20 FEB<\/a><\/p>\n<p><a href=\"http:\/\/nordvestsjaelland.danmarksveteraner.dk\/wordpress\/wp-content\/uploads\/2016\/07\/2015-Vedt\u00e6gter-10-FEB.doc\">2015 Vedt\u00e6gter 10 FEB<\/a><\/p>\n<p><a href=\"http:\/\/nordvestsjaelland.danmarksveteraner.dk\/wordpress\/wp-content\/uploads\/2016\/07\/20216-Vedt\u00e6gter-12-MAJ.doc\">20216 Vedt\u00e6gter 12 MAJ<\/a><\/p>\n<p><a href=\"http:\/\/nordvestsjaelland.danmarksveteraner.dk\/wordpress\/wp-content\/uploads\/2017\/02\/2017-Vedt\u00e6gter-06-FEB-1.docx\">2017 Vedt\u00e6gter 06 FEB<\/a><\/p>\n<p><a href=\"https:\/\/nordvestsjaelland.danmarksveteraner.dk\/wordpress\/wp-content\/uploads\/2020\/12\/2018-Vedtaegter-05-FEB.pdf\" target=\"_blank\" rel=\"noopener\">2018 Vedt\u00e6gter 05 FEB<\/a><\/p>","protected":false},"excerpt":{"rendered":"<p>Vedt\u00e6gter vedtaget 5. februar 2018. Du kan skifte side nederst med pilene. Kan downloades og printes nederst p\u00e5 siden. Tryk<\/p>\n","protected":false},"author":1,"featured_media":0,"parent":22,"menu_order":1,"comment_status":"closed","ping_status":"closed","template":"","meta":{"footnotes":""},"_links":{"self":[{"href":"https:\/\/nordvestsjaelland.danmarksveteraner.dk\/wordpress\/wp-json\/wp\/v2\/pages\/276"}],"collection":[{"href":"https:\/\/nordvestsjaelland.danmarksveteraner.dk\/wordpress\/wp-json\/wp\/v2\/pages"}],"about":[{"href":"https:\/\/nordvestsjaelland.danmarksveteraner.dk\/wordpress\/wp-json\/wp\/v2\/types\/page"}],"author":[{"embeddable":true,"href":"https:\/\/nordvestsjaelland.danmarksveteraner.dk\/wordpress\/wp-json\/wp\/v2\/users\/1"}],"replies":[{"embeddable":true,"href":"https:\/\/nordvestsjaelland.danmarksveteraner.dk\/wordpress\/wp-json\/wp\/v2\/comments?post=276"}],"version-history":[{"count":19,"href":"https:\/\/nordvestsjaelland.danmarksveteraner.dk\/wordpress\/wp-json\/wp\/v2\/pages\/276\/revisions"}],"predecessor-version":[{"id":2166,"href":"https:\/\/nordvestsjaelland.danmarksveteraner.dk\/wordpress\/wp-json\/wp\/v2\/pages\/276\/revisions\/2166"}],"up":[{"embeddable":true,"href":"https:\/\/nordvestsjaelland.danmarksveteraner.dk\/wordpress\/wp-json\/wp\/v2\/pages\/22"}],"wp:attachment":[{"href":"https:\/\/nordvestsjaelland.danmarksveteraner.dk\/wordpress\/wp-json\/wp\/v2\/media?parent=276"}],"curies":[{"name":"wp","href":"https:\/\/api.w.org\/{rel}","templated":true}]}}