{"id":282,"date":"2016-07-04T07:36:29","date_gmt":"2016-07-04T05:36:29","guid":{"rendered":"http:\/\/nordvestsjaelland.danmarksveteraner.dk\/wordpress\/?page_id=282"},"modified":"2023-11-11T14:32:22","modified_gmt":"2023-11-11T13:32:22","slug":"historie-2","status":"publish","type":"page","link":"https:\/\/nordvestsjaelland.danmarksveteraner.dk\/wordpress\/forside\/historie-2\/","title":{"rendered":"Historie"},"content":{"rendered":"<p><span style=\"color: #0000ff; font-size: 34px;\">Opdateret 15. marts 2019:<\/span><\/p>\n<div id=\"t04_template_contentarea\" class=\"t04_contentarea_position\">\n<h3>Lokalforening Nordvestsj\u00e6lland blev oprettet p\u00e5 en stiftende generalforsamling den 24. oktober 2013. Bag oprettelsen l\u00e5 mange \u00e5rs \u00f8nske fra flere medlemmer af \u201cDe Bl\u00e5 Baretter\u201d boende prim\u00e6rt i kommunerne Kalundborg, Odsherred og Holb\u00e6k. Medlemmerne havde v\u00e6ret tilknyttet lokalforeningerne N\u00e6stved og Omegn, Midtsj\u00e6lland og K\u00f8benhavn.<\/h3>\n<h3>Oprettelsen formindskede de geografiske afstande v\u00e6sentligt, hvilket tilgodes\u00e5 manges \u00f8nske om st\u00f8rre mulighed for deltagelse i aktiviteterne. Ved jubilarst\u00e6vnet den 25. maj 2013 p\u00e5 Slagelse kaserne, hvor medlem af lokalforeningen i N\u00e6stved Kalle Nilausen deltog som 50 \u00e5rs jubilar fra Gaza, opfordrede dav\u00e6rende landsformand Bjarne Hesselberg ham til at p\u00e5tage sig jobbet som initiativtager til oprettelse af en ny lokalforening: \u201d De Bl\u00e5 Baretter Nordvestsj\u00e6lland\u201d.<br \/>\nLokalforeningens geografiske omr\u00e5de skulle v\u00e6re de tre kommuner: Holb\u00e6k, Kalundborg og Odsherred.<\/h3>\n<h3>Efter en kort bet\u00e6nkningstid blev det aftalt, at de n\u00e6rmere dr\u00f8ftelser og rammer skulle aftales p\u00e5 et m\u00f8de medio juli 2013. P\u00e5 m\u00f8det blev det besluttet, at fors\u00f8get skulle g\u00f8res, og Kalle Nilausen gik i gang med arbejdet med st\u00f8tte fra flere medlemmer af hovedbestyrelsen. En arbejdsgruppe blev nedsat, og i l\u00f8bet af august-september m\u00e5ned havde arbejdsgruppen haft personlig kontakt til 52 af de mulige 61 medlemmer enten via telefonen eller via mail. Alle var meget positive \u2013 enkelte \u00f8nskede dog at bevare nuv\u00e6rende tilknytning, hvilket selvf\u00f8lgelig blev respekteret.<br \/>\nP\u00e5 landsforeningens formandsm\u00f8de 28. september 2013 blev Lokalforening Nordvestsj\u00e6lland synliggjort i landsregi. Her foreslog Knud Lund, formand for N\u00e6stved og Omegn, at han kom med et udspil til gr\u00e6nsedragningen. Forslaget blev accepteret af arbejdsgruppen, ligesom gr\u00e6nsen til Midtsj\u00e6lland blev aftalt.<\/h3>\n<h3>Lokalforeningen r\u00e5dede ikke over egne lokaler, men efter aftale med H\u00e6rhjemmev\u00e6rnsdistrikt Midt- og Vestsj\u00e6lland fik vi lov til at anvende Hjemmev\u00e6rnets dejlige og rummelige lokaler p\u00e5 Hjemmev\u00e6rnsg\u00e5rden i Holb\u00e6k.<br \/>\nStiftende generalforsamling blev gennemf\u00f8rt p\u00e5 Hjemmev\u00e6rnsg\u00e5rden 24. oktober 2013 med i alt 47 fremm\u00f8dte medlemmer. P\u00e5 generalforsamlingen blev Kalle Nilausen valgt som formand og Bjarne Witting som kasserer. \u00d8vrige valg var: Mogens Pagh, Nils Ulrik Bagge og Brian Andersen. Bestyrelsen konstituerede sig med Mogens Pagh som n\u00e6stformand, Nils Ulrik Bagge som sekret\u00e6r og Brian Andersen som menigt medlem. Herudover valgtes J\u00f8rgen Vennevold J\u00f8rgensen og Tim V. Pedersen som henholdsvis 1. og 2. suppleant.<\/h3>\n<h3>Efter synligg\u00f8relsen af den forest\u00e5ende oprettelse af lokalforeningen fik vi overf\u00f8rt 59 medlemmer fra vore to naboforeninger. To i omr\u00e5det bosiddende medlemmer \u00f8nskede at fastholde medlemskabet til N\u00e6stved og Omegn p\u00e5 grund af de n\u00e6re relationer hertil. Herudover fik vi en yderligere tilgang og endvidere hvervede vi selv 4 nye medlemmer s\u00e5 ved udgangen af 2013 var medlemstallet oppe p\u00e5 76.<br \/>\nMedlemstallet er derefter steget st\u00f8t s\u00e5ledes, at lokalforeningen pr. 24. oktober 2016 var oppe p\u00e5 134 medlemmer.<\/h3>\n<h3>Lokalforeningens bestyrelse foranstaltede hurtigt anskaffelse af den f\u00f8rste fane. Fanen blev indviet p\u00e5 Valdemarsdag den 15. juni 2014. Ved faneindvielsen deltog Holb\u00e6ks borgmester S\u00f8ren Kj\u00e6rsgaard, som slog f\u00f8rste s\u00f8m i. Endvidere deltog landsforeningens nye formand Niels Hartvig Andersen, som slog andet s\u00f8m i og sluttelig velsignede feltpr\u00e6st Michael Nissen vores fane og slog tredje s\u00f8m i. Holb\u00e6ks Sangkor deltog ligesom Holb\u00e6k Garden stillede med to trommeslagere. Vi sluttede denne dejlige indvielse af med kammeratligt samv\u00e6r, hvor lokalforeningen var v\u00e6rt ved et mindre traktement. I alt deltog ca. 90 personer i denne festlige aktivitet.<\/h3>\n<h3>Bestyrelsen s\u00f8gte i 2014 om 110.000,00 kroner fra Forsvarsministeriet 10 millioners pulje. Vi havde f\u00e5et stillet et terr\u00e6nomr\u00e5de til r\u00e5dighed i Eskebjerg af lodsejer Mads M\u00f8ller \u2013 her ville vi gerne bygge tre sheltere med tilh\u00f8rende muldtoilet. Pengene blev bevilget og efter meget velvillig bistand og hj\u00e6lp fra Kalundborg kommune gik \u201dbyggesagen\u201d i gang i januar 2015. Vi fik bemyndigelse til at opf\u00f8re shelterbyen primo april og vi byggede ved medlemmernes hj\u00e6lp hele shelterbyen, s\u00e5ledes at den var klar til indvielse den 6. juni. P\u00e5 dagen blev shelterbyen indviet af Kalundborgs borgmester Martin Damm som navngav vores fristed: Veteranengen.<br \/>\nNavnet p\u00e5 fristedet blev foresl\u00e5et af familien til en af vore afd\u00f8de veterankolleger Rune Westy Zacharias Nielsen, som blev s\u00e5ret under tjeneste i Afghanistan den 31. oktober 2009 og senere d\u00f8de p\u00e5 Rigshospitalet den 17. november 2009. Rune er stedt til hvile p\u00e5 Ubberup Valgmenigheds Kirkeg\u00e5rd.<br \/>\nYderligere en veterankollega fra vores lokalomr\u00e5de har mistet livet under tjeneste i Afghanistan. Det er Sophia Bruun, som d\u00f8de den 1. juni 2010. Sophia er stedt til hvile p\u00e5 Margrethe Kirkeg\u00e5rden i Holb\u00e6k.<br \/>\nLokalforeningen l\u00e6gger hvert \u00e5r den 5. september p\u00e5 soldatens dag en mindebuket med b\u00e5nd p\u00e5 gravene.<\/h3>\n<h3>I \u00e5ret 2014 blev lokalforeningen tildelt vandrepokalen for den lokalforening, som dette \u00e5r havde haft st\u00f8rst procentuel fremgang i medlemsantal.<br \/>\nSamme \u00e5r deltog vi for f\u00f8rste gang i landsskydningen og opn\u00e5ede her en flot anden plads.<br \/>\nI \u00e5ret 2015 deltog vi igen i landsskydningen og denne gang blev vi \u201cDanmarksmestre\u201d et meget flot resultat.<\/h3>\n<h3>I 2016 skiftede landsforeningen navn til: Danmarks Veteraner. Samtidig skiftede lokalforeningen navn til: \u201dNordvestsj\u00e6lland\u201d.<br \/>\nI august m\u00e5ned 2016 gennemf\u00f8rte lokalforeningen en todages tur til Fr\u00f8slevlejren. Vi k\u00f8rte samlet i bus og blev indkvarteret i Camp Fr\u00f8slev i barak 16. Det prim\u00e6re form\u00e5l var at bes\u00f8ge FN-museet, men herudover var det ogs\u00e5 intentionen at udbygge kammeratskabet og lade vores hustruer\/ledsagere f\u00e5 mulighed for at m\u00f8de veteraner og andre hustruer\/ledsagere.<br \/>\nTuren var s\u00e5 stor en succes, at det blev aftalt snarest at planl\u00e6gge en ny tur.<\/h3>\n<h3>Ved generalforsamlingen i 2016 fik lokalforeningen ny formand. Mogens Pagh blev valgt uden<br \/>\nmodkandidat.<\/h3>\n<h3>I 2016 blev vi igen danmarksmestre i skydning og vandt for andet \u00e5r i tr\u00e6k.<\/h3>\n<h3>I efter\u00e5ret 2016 blev vi kontaktet af Holb\u00e6k kommune med henblik p\u00e5 eventuel indplacering i Artilleribygningen p\u00e5 Holb\u00e6k kaserne. Vi sagde ja-tak til et evt. samarbejde \u2013 men havde vores bet\u00e6nkeligheder bland andet med baggrund i \u00f8konomien. Aftalen blev dog, at kommunen skulle arbejde videre med planen. Vi ville i givet fald f\u00e5 r\u00e5deret over f\u00f8lgende faciliteter:<\/h3>\n<h3>&#8211; et stort lokale (auditorium) p\u00e5 ca. 70 m2<br \/>\n&#8211; et mindre lokale (m\u00f8dev\u00e6relse) p\u00e5 ca. 30 m2<br \/>\n&#8211; et garderoberum<br \/>\n&#8211; et toilet<br \/>\n&#8211; et mindre tek\u00f8kken.<\/h3>\n<h3>Medio december 2016 meddelte kommunen, at man havde afleveret et opl\u00e6g til kommunalbestyrelsen med forventet svar ultimo januar 2017. Den 25. januar modtog vores formand en mail fra kommunen, som fastslog, at kommunens politikere havde godkendt opl\u00e6gget, hvorfor ovenn\u00e6vnte lokaler blev stillet vederlagsfrit til r\u00e5dighed for lokalforeningen. I forbindelse med overdragelsen af lokalerne blev endnu et lokale stillet til r\u00e5dighed. Dette lokale skulle indrettes som veteran-caf\u00e9.<br \/>\nIgennem 2017 er de n\u00e6vnte lokaler istandsat ved frivillig arbejdskraft blandt medlemmerne, s\u00e5ledes at lokalforeningen har f\u00e5et fine lokaler at m\u00f8des i, ligesom Holb\u00e6k Veteran-Caf\u00e9 med Thor C. Larsen som formand er blevet \u00e5bnet.<\/h3>\n<h3>Igen i 2017 blev vi danmarksmestre i skydning \u2013 for tredje \u00e5r i tr\u00e6k.<\/h3>\n<h4>Form\u00e6nd:<br \/>\n2013 &#8211; 2016\u00a0 : Kalle Nilausen<br \/>\n2016 &#8211; 2021\u00a0 : Mogens Pagh<\/h4>\n<h4>2021 &#8211; 2023\u00a0 : Carsten Schulz Nielsen<\/h4>\n<h4>2023 &#8211;\u00a0 \u00a0 \u00a0 \u00a0 \u00a0 \u00a0 : Jan Erik Burmeister<\/h4>\n<h3>N\u00e6stform\u00e6nd:<br \/>\n2013 &#8211; 2016 : Mogens Pagh<br \/>\n2016 &#8211;\u00a0 \u00a0 \u00a0 \u00a0 \u00a0 \u00a0: Steen Esbern Rasmussen<\/h3>\n<h3>Kasserer:<br \/>\n2013 &#8211; 2015 : Bjarne Witting<br \/>\n2015 &#8211; 2016 : Tim V. Pedersen<br \/>\n2016 &#8211; 2022 : S\u00f8ren Juel<br \/>\n2022 &#8211;\u00a0 \u00a0 \u00a0 \u00a0 \u00a0 \u00a0: Nils Ulrik Bagge<\/h3>\n<h3>Sekret\u00e6rer:<br \/>\n2013 &#8211; 2022\u00a0 : Nils Ulrik Bagge<br \/>\n2022 &#8211;\u00a0 \u00a0 \u00a0 \u00a0 \u00a0 \u00a0 : Sten Liljens\u00f8e<\/h3>\n<h3>Bestyrelsesmedlem:<br \/>\n2013 &#8211; 2018\u00a0 : Brian Andersen<br \/>\n2018 &#8211; 2023\u00a0 : Thor Cuno Larsen<\/h3>\n<h3>2023-\u00a0 \u00a0 \u00a0 \u00a0 \u00a0 \u00a0 \u00a0: Leif Rahbek<\/h3>\n<\/div>\n","protected":false},"excerpt":{"rendered":"<p>Opdateret 15. marts 2019: Lokalforening Nordvestsj\u00e6lland blev oprettet p\u00e5 en stiftende generalforsamling den 24. oktober 2013. Bag oprettelsen l\u00e5 mange<\/p>\n","protected":false},"author":1,"featured_media":0,"parent":22,"menu_order":3,"comment_status":"closed","ping_status":"closed","template":"","meta":{"footnotes":""},"_links":{"self":[{"href":"https:\/\/nordvestsjaelland.danmarksveteraner.dk\/wordpress\/wp-json\/wp\/v2\/pages\/282"}],"collection":[{"href":"https:\/\/nordvestsjaelland.danmarksveteraner.dk\/wordpress\/wp-json\/wp\/v2\/pages"}],"about":[{"href":"https:\/\/nordvestsjaelland.danmarksveteraner.dk\/wordpress\/wp-json\/wp\/v2\/types\/page"}],"author":[{"embeddable":true,"href":"https:\/\/nordvestsjaelland.danmarksveteraner.dk\/wordpress\/wp-json\/wp\/v2\/users\/1"}],"replies":[{"embeddable":true,"href":"https:\/\/nordvestsjaelland.danmarksveteraner.dk\/wordpress\/wp-json\/wp\/v2\/comments?post=282"}],"version-history":[{"count":34,"href":"https:\/\/nordvestsjaelland.danmarksveteraner.dk\/wordpress\/wp-json\/wp\/v2\/pages\/282\/revisions"}],"predecessor-version":[{"id":2615,"href":"https:\/\/nordvestsjaelland.danmarksveteraner.dk\/wordpress\/wp-json\/wp\/v2\/pages\/282\/revisions\/2615"}],"up":[{"embeddable":true,"href":"https:\/\/nordvestsjaelland.danmarksveteraner.dk\/wordpress\/wp-json\/wp\/v2\/pages\/22"}],"wp:attachment":[{"href":"https:\/\/nordvestsjaelland.danmarksveteraner.dk\/wordpress\/wp-json\/wp\/v2\/media?parent=282"}],"curies":[{"name":"wp","href":"https:\/\/api.w.org\/{rel}","templated":true}]}}