{"id":297,"date":"2016-07-05T09:17:35","date_gmt":"2016-07-05T07:17:35","guid":{"rendered":"http:\/\/nordvestsjaelland.danmarksveteraner.dk\/wordpress\/?page_id=297"},"modified":"2023-05-29T17:14:11","modified_gmt":"2023-05-29T15:14:11","slug":"fanekommando","status":"publish","type":"page","link":"https:\/\/nordvestsjaelland.danmarksveteraner.dk\/wordpress\/organisation\/fanekommando\/","title":{"rendered":"Fanekommando"},"content":{"rendered":"<h6>Fanekommandoets sammens\u00e6tning:<\/h6>\n\n<table id=\"tablepress-10\" class=\"tablepress tablepress-id-10\">\n<tbody class=\"row-hover\">\n<tr class=\"row-1 odd\">\n\t<td class=\"column-1\">Sortering<\/td><td class=\"column-2\">Funktion<\/td><td class=\"column-3\">Navn<\/td><td class=\"column-4\">Telefon<\/td>\n<\/tr>\n<\/tbody>\n<\/table>\n<!-- #tablepress-10 from cache -->\n<p><strong>Sp\u00f8rgsm\u00e5l vedr\u00f8rende opstilling m. v. af fanevagt rettes til faneb\u00e6rer 1.<\/strong><\/p>\n","protected":false},"excerpt":{"rendered":"<p>Fanekommandoets sammens\u00e6tning: Sp\u00f8rgsm\u00e5l vedr\u00f8rende opstilling m. v. af fanevagt rettes til faneb\u00e6rer 1.<\/p>\n","protected":false},"author":1,"featured_media":0,"parent":250,"menu_order":2,"comment_status":"closed","ping_status":"closed","template":"","meta":{"footnotes":""},"_links":{"self":[{"href":"https:\/\/nordvestsjaelland.danmarksveteraner.dk\/wordpress\/wp-json\/wp\/v2\/pages\/297"}],"collection":[{"href":"https:\/\/nordvestsjaelland.danmarksveteraner.dk\/wordpress\/wp-json\/wp\/v2\/pages"}],"about":[{"href":"https:\/\/nordvestsjaelland.danmarksveteraner.dk\/wordpress\/wp-json\/wp\/v2\/types\/page"}],"author":[{"embeddable":true,"href":"https:\/\/nordvestsjaelland.danmarksveteraner.dk\/wordpress\/wp-json\/wp\/v2\/users\/1"}],"replies":[{"embeddable":true,"href":"https:\/\/nordvestsjaelland.danmarksveteraner.dk\/wordpress\/wp-json\/wp\/v2\/comments?post=297"}],"version-history":[{"count":5,"href":"https:\/\/nordvestsjaelland.danmarksveteraner.dk\/wordpress\/wp-json\/wp\/v2\/pages\/297\/revisions"}],"predecessor-version":[{"id":2368,"href":"https:\/\/nordvestsjaelland.danmarksveteraner.dk\/wordpress\/wp-json\/wp\/v2\/pages\/297\/revisions\/2368"}],"up":[{"embeddable":true,"href":"https:\/\/nordvestsjaelland.danmarksveteraner.dk\/wordpress\/wp-json\/wp\/v2\/pages\/250"}],"wp:attachment":[{"href":"https:\/\/nordvestsjaelland.danmarksveteraner.dk\/wordpress\/wp-json\/wp\/v2\/media?parent=297"}],"curies":[{"name":"wp","href":"https:\/\/api.w.org\/{rel}","templated":true}]}}