{"id":364,"date":"2016-07-10T19:36:56","date_gmt":"2016-07-10T17:36:56","guid":{"rendered":"http:\/\/nordvestsjaelland.danmarksveteraner.dk\/wordpress\/?page_id=364"},"modified":"2020-07-05T00:58:21","modified_gmt":"2020-07-04T22:58:21","slug":"bygning-af-veteranengen","status":"publish","type":"page","link":"https:\/\/nordvestsjaelland.danmarksveteraner.dk\/wordpress\/billeder\/bygning-af-veteranengen\/","title":{"rendered":"Bygning af Veteranengen"},"content":{"rendered":"<p>I efter\u00e5ret 2014 indstillede lokalforeningen til Veterancenteret om at f\u00e5 tildelt kr. 110.000,00 til opf\u00f8relse af et shelter omr\u00e5de hos Mads M\u00f8ller, som omkostningsfrit stillede et stykke af sit terr\u00e6n til r\u00e5dighed for &#8220;De Bl\u00e5 Baretter&#8221;.<\/p>\n<p>Lokalforeningen fik megen velvillig st\u00f8tte fra Kalundborg kommune og der blev sat en meget hurtig sagsbehandling i gang som bevirkede, at vi primo APR 2015 fik byggetilladelse til:<\/p>\n<p>Opf\u00f8relse af tre sheltere samt et muldtoilet p\u00e5 Spangvej 8 i Kaldred.<\/p>\n<p>F\u00f8rste byggedag var l\u00f8rdag den 24. april 2015 og projektet var f\u00e6rdigt og godkendt af kommunen ultimo MAJ 2015, hvorefter vi kunne holde indvielse &#8211; herunder frig\u00f8relse af det navn, som familien til Rune havde f\u00e5et lov at bestemme. Indvielsen blev gennemf\u00f8rt\u00a006 JUN 2015.<\/p>\n<figure id=\"attachment_406\" aria-describedby=\"caption-attachment-406\" style=\"width: 150px\" class=\"wp-caption alignleft\"><a href=\"http:\/\/nordvestsjaelland.danmarksveteraner.dk\/wordpress\/wp-content\/uploads\/2016\/07\/DBB-Navngivning-Veteranengen-af-shelderne-6-6-15-002.jpg\"><img decoding=\"async\" loading=\"lazy\" class=\"wp-image-406 size-thumbnail\" src=\"http:\/\/nordvestsjaelland.danmarksveteraner.dk\/wordpress\/wp-content\/uploads\/2016\/07\/DBB-Navngivning-Veteranengen-af-shelderne-6-6-15-002-150x150.jpg\" alt=\"DBB Navngivning (Veteranengen) af shelderne 6-6-15 002\" width=\"150\" height=\"150\" \/><\/a><figcaption id=\"caption-attachment-406\" class=\"wp-caption-text\">Veteranengen ved indvielsen<\/figcaption><\/figure>\n<figure id=\"attachment_404\" aria-describedby=\"caption-attachment-404\" style=\"width: 150px\" class=\"wp-caption alignleft\"><a href=\"http:\/\/nordvestsjaelland.danmarksveteraner.dk\/wordpress\/wp-content\/uploads\/2016\/07\/DBB-Navngivning-Veteranengen-af-shelderne-6-6-15-032.jpg\"><img decoding=\"async\" loading=\"lazy\" class=\"wp-image-404 size-thumbnail\" src=\"http:\/\/nordvestsjaelland.danmarksveteraner.dk\/wordpress\/wp-content\/uploads\/2016\/07\/DBB-Navngivning-Veteranengen-af-shelderne-6-6-15-032-150x150.jpg\" alt=\"DBB Navngivning (Veteranengen) af shelderne 6-6-15 032\" width=\"150\" height=\"150\" \/><\/a><figcaption id=\"caption-attachment-404\" class=\"wp-caption-text\">Borgmester Martin Damm klipper snoren<\/figcaption><\/figure>\n<figure id=\"attachment_405\" aria-describedby=\"caption-attachment-405\" style=\"width: 150px\" class=\"wp-caption alignleft\"><a href=\"http:\/\/nordvestsjaelland.danmarksveteraner.dk\/wordpress\/wp-content\/uploads\/2016\/07\/DBB-Navngivning-Veteranengen-af-shelderne-6-6-15-029.jpg\"><img decoding=\"async\" loading=\"lazy\" class=\"wp-image-405 size-thumbnail\" src=\"http:\/\/nordvestsjaelland.danmarksveteraner.dk\/wordpress\/wp-content\/uploads\/2016\/07\/DBB-Navngivning-Veteranengen-af-shelderne-6-6-15-029-150x150.jpg\" alt=\"DBB Navngivning (Veteranengen) af shelderne 6-6-15 029\" width=\"150\" height=\"150\" \/><\/a><figcaption id=\"caption-attachment-405\" class=\"wp-caption-text\">Runes far navngiver stedet: Veteranengen<\/figcaption><\/figure>\n","protected":false},"excerpt":{"rendered":"<p>I efter\u00e5ret 2014 indstillede lokalforeningen til Veterancenteret om at f\u00e5 tildelt kr. 110.000,00 til opf\u00f8relse af et shelter omr\u00e5de hos<\/p>\n","protected":false},"author":1,"featured_media":332,"parent":117,"menu_order":0,"comment_status":"closed","ping_status":"closed","template":"","meta":{"footnotes":""},"_links":{"self":[{"href":"https:\/\/nordvestsjaelland.danmarksveteraner.dk\/wordpress\/wp-json\/wp\/v2\/pages\/364"}],"collection":[{"href":"https:\/\/nordvestsjaelland.danmarksveteraner.dk\/wordpress\/wp-json\/wp\/v2\/pages"}],"about":[{"href":"https:\/\/nordvestsjaelland.danmarksveteraner.dk\/wordpress\/wp-json\/wp\/v2\/types\/page"}],"author":[{"embeddable":true,"href":"https:\/\/nordvestsjaelland.danmarksveteraner.dk\/wordpress\/wp-json\/wp\/v2\/users\/1"}],"replies":[{"embeddable":true,"href":"https:\/\/nordvestsjaelland.danmarksveteraner.dk\/wordpress\/wp-json\/wp\/v2\/comments?post=364"}],"version-history":[{"count":26,"href":"https:\/\/nordvestsjaelland.danmarksveteraner.dk\/wordpress\/wp-json\/wp\/v2\/pages\/364\/revisions"}],"predecessor-version":[{"id":2002,"href":"https:\/\/nordvestsjaelland.danmarksveteraner.dk\/wordpress\/wp-json\/wp\/v2\/pages\/364\/revisions\/2002"}],"up":[{"embeddable":true,"href":"https:\/\/nordvestsjaelland.danmarksveteraner.dk\/wordpress\/wp-json\/wp\/v2\/pages\/117"}],"wp:featuredmedia":[{"embeddable":true,"href":"https:\/\/nordvestsjaelland.danmarksveteraner.dk\/wordpress\/wp-json\/wp\/v2\/media\/332"}],"wp:attachment":[{"href":"https:\/\/nordvestsjaelland.danmarksveteraner.dk\/wordpress\/wp-json\/wp\/v2\/media?parent=364"}],"curies":[{"name":"wp","href":"https:\/\/api.w.org\/{rel}","templated":true}]}}